{"id":6205,"date":"2025-06-04T14:19:20","date_gmt":"2025-06-04T12:19:20","guid":{"rendered":"https:\/\/melnibone.at\/shop\/?post_type=product&#038;p=6205"},"modified":"2025-11-12T13:04:16","modified_gmt":"2025-11-12T12:04:16","slug":"disney-lorcana-reign-of-jafar-booster-de","status":"publish","type":"product","link":"https:\/\/melnibone.at\/shop\/index.php\/produkt\/disney-lorcana-reign-of-jafar-booster-de\/","title":{"rendered":"Disney Lorcana: Reign of Jafar Booster (DE)"},"content":{"rendered":"<p>Disney Lorcana:\u00a0Reign of Jafar Booster (DE)<\/p>\n<p>SEINE KRONE, SEINE HERRSCHAFT<br \/>\nDschafar hat Archazias Insel \u00fcbernommen und den sch\u00f6nen Hort in seine bedrohliche Festung verwandelt.<br \/>\nSeine Herrschaft k\u00f6nnte die gr\u00f6\u00dfte Bedrohung sein, die Lorcana je erlebt hat<\/p>\n<p>Sprache: Deutsch<\/p>\n<p>&#8212;<\/p>\n<p>Jeder Artikel der Kategorie &#8222;Livebreak&#8220; wird im Stream von MelniboneMtG auf Twitch ge\u00f6ffnet. Bitte gib daher bei deiner Bestellung unter &#8222;Anmerkungen zur Bestellung&#8220; deinen Nicknamen bzw. wie wir dich nennen d\u00fcrfen an.<\/p>\n<p>Wir nehmen dein Booster zuf\u00e4llig aus einem Display bzw. einer Collection.<\/p>\n","protected":false},"excerpt":{"rendered":"<p>Disney Lorcana:\u00a0Reign of Jafar Booster (DE) SEINE KRONE, SEINE HERRSCHAFT Dschafar hat Archazias Insel \u00fcbernommen und den sch\u00f6nen Hort in seine bedrohliche Festung verwandelt. Seine Herrschaft k\u00f6nnte die gr\u00f6\u00dfte Bedrohung sein, die Lorcana je erlebt hat Sprache: Deutsch &#8212; Jeder Artikel der Kategorie &#8222;Livebreak&#8220; wird im Stream von MelniboneMtG auf Twitch ge\u00f6ffnet. Bitte gib daher [&hellip;]<\/p>\n","protected":false},"featured_media":6206,"template":"","meta":[],"product_brand":[],"product_cat":[69,122,51],"product_tag":[],"class_list":{"0":"post-6205","1":"product","2":"type-product","3":"status-publish","4":"has-post-thumbnail","6":"product_cat-live-break-other","7":"product_cat-lorcana","8":"product_cat-other-tcgs","10":"first","11":"instock","12":"taxable","13":"shipping-taxable","14":"purchasable","15":"product-type-simple"},"_links":{"self":[{"href":"https:\/\/melnibone.at\/shop\/index.php\/wp-json\/wp\/v2\/product\/6205","targetHints":{"allow":["GET"]}}],"collection":[{"href":"https:\/\/melnibone.at\/shop\/index.php\/wp-json\/wp\/v2\/product"}],"about":[{"href":"https:\/\/melnibone.at\/shop\/index.php\/wp-json\/wp\/v2\/types\/product"}],"wp:featuredmedia":[{"embeddable":true,"href":"https:\/\/melnibone.at\/shop\/index.php\/wp-json\/wp\/v2\/media\/6206"}],"wp:attachment":[{"href":"https:\/\/melnibone.at\/shop\/index.php\/wp-json\/wp\/v2\/media?parent=6205"}],"wp:term":[{"taxonomy":"product_brand","embeddable":true,"href":"https:\/\/melnibone.at\/shop\/index.php\/wp-json\/wp\/v2\/product_brand?post=6205"},{"taxonomy":"product_cat","embeddable":true,"href":"https:\/\/melnibone.at\/shop\/index.php\/wp-json\/wp\/v2\/product_cat?post=6205"},{"taxonomy":"product_tag","embeddable":true,"href":"https:\/\/melnibone.at\/shop\/index.php\/wp-json\/wp\/v2\/product_tag?post=6205"}],"curies":[{"name":"wp","href":"https:\/\/api.w.org\/{rel}","templated":true}]}}