{"id":6252,"date":"2025-06-07T12:51:30","date_gmt":"2025-06-07T10:51:30","guid":{"rendered":"https:\/\/melnibone.at\/shop\/?post_type=product&#038;p=6252"},"modified":"2025-11-12T14:47:01","modified_gmt":"2025-11-12T13:47:01","slug":"brettspiel-elden-ring-realm-of-the-grafted-king-eng","status":"publish","type":"product","link":"https:\/\/melnibone.at\/shop\/index.php\/produkt\/brettspiel-elden-ring-realm-of-the-grafted-king-eng\/","title":{"rendered":"Brettspiel Elden Ring &#8211; Realm of the Grafted King ENG"},"content":{"rendered":"<h1 class=\"product_heading\">Brettspiel Elden Ring &#8211; Realm of the Grafted King ENG<\/h1>\n<p>Erhebt euch, Behaftete, und bereitet euch auf eine Reise vor, die ihr nie vergessen werdet.<\/p>\n<p>Inspiriert von dem Videospiel-Hit Elden Ring mit \u00fcber 28 Millionen verkauften Exemplaren, erm\u00f6glicht das kooperative Brettspiel Elden Ring \u2013 Realm of the Grafted King 1-4 Spielern, die Lands Between zu erkunden, eine weite Welt voller antiker Sch\u00e4tze, vergessener Geheimnisse und gef\u00e4hrlicher Feinde.<\/p>\n<p>Schl\u00fcpft in die Rolle eines Behafteten und k\u00e4mpft euch durch das verfallene Land Limgrave. Spielt alleine oder arbeitet mit Freunden zusammen, begegnet bekannten Charakteren und k\u00e4mpft in taktischen Schlachten gegen gef\u00e4hrliche Feinde ums \u00dcberleben. Passt euren Behafteten an, gestaltet eure Geschichte und besiegt die Bewohner Limgraves auf eurem Weg zum Titel des Elden-Lords.<\/p>\n<p>Elden Ring: Realm of the Grafted King bietet 30 wiederholbare Szenarien, die zusammen eine epische Kampagne von \u00fcber 50 Stunden ergeben, oder sie k\u00f6nnen als eigenst\u00e4ndige &#8222;One-Shot&#8220;-Missions gespielt werden. Das Spiel kann alleine gespielt oder mit den Erweiterungen\u00a0<a href=\"https:\/\/www.xzone.de\/brettspiel-elden-ring-weeping-peninsula-eng\">The Weeping Peninsula<\/a>\u00a0oder\u00a0<a href=\"https:\/\/www.xzone.de\/brettspiel-elden-ring-stormveil-castle-eng\">Stormveil Castle<\/a>\u00a0kombiniert werden, um noch gr\u00f6\u00dfere Abenteuer zu erleben.<\/p>\n<p>Das Spiel bietet ein spannendes Spielerlebnis und wundersch\u00f6n detaillierte Miniaturen, die die intensiven K\u00e4mpfe und die fesselnde Atmosph\u00e4re der Videospielvorlage eindrucksvoll wiedergeben. Das intelligente, kartenbasierte Kampfsystem nutzt ein einzigartiges Rastersystem, das euch zur Zusammenarbeit und strategischen Herangehensweise an jede Begegnung zwingt \u2013 sei es, dass ihr einem einfachen Soldaten von Godrick oder Margit, dem Geisterzeichen, gegen\u00fcbersteht.<\/p>\n<p>Werdet ihr dem Ruf des Abenteuers folgen?<\/p>\n<p>&nbsp;<\/p>\n<p><strong>INHALT DER VERPACKUNG<\/strong><br \/>\n&#8211; 50 detailliert gestaltete Miniaturen von Feinden<br \/>\n&#8211; 4 Miniaturen von Helden<br \/>\n&#8211; 4 Begegnungsb\u00fccher<br \/>\n&#8211; 1 Szenariobuch<br \/>\n&#8211; 4 \u00dcbersichtsb\u00fccher<br \/>\n&#8211; 61 Sechseck-Pl\u00e4ttchen<br \/>\n&#8211; 185 Tokens<br \/>\n&#8211; 1227 Karten<br \/>\n&#8211; 1 Regelbuch<\/p>\n<p>&nbsp;<\/p>\n<p><strong>Empfohlenes Alter:<\/strong>\u00a014+<br \/>\n<strong>Spieleranzahl:<\/strong>\u00a01-4<br \/>\n<strong>Sprache:<\/strong>\u00a0Englisch<\/p>\n","protected":false},"excerpt":{"rendered":"<p>Brettspiel Elden Ring &#8211; Realm of the Grafted King ENG Erhebt euch, Behaftete, und bereitet euch auf eine Reise vor, die ihr nie vergessen werdet. Inspiriert von dem Videospiel-Hit Elden Ring mit \u00fcber 28 Millionen verkauften Exemplaren, erm\u00f6glicht das kooperative Brettspiel Elden Ring \u2013 Realm of the Grafted King 1-4 Spielern, die Lands Between zu [&hellip;]<\/p>\n","protected":false},"featured_media":6255,"template":"","meta":[],"product_brand":[],"product_cat":[123],"product_tag":[],"class_list":{"0":"post-6252","1":"product","2":"type-product","3":"status-publish","4":"has-post-thumbnail","6":"product_cat-brettspiele-table-top","8":"first","9":"instock","10":"taxable","11":"shipping-taxable","12":"purchasable","13":"product-type-simple"},"_links":{"self":[{"href":"https:\/\/melnibone.at\/shop\/index.php\/wp-json\/wp\/v2\/product\/6252","targetHints":{"allow":["GET"]}}],"collection":[{"href":"https:\/\/melnibone.at\/shop\/index.php\/wp-json\/wp\/v2\/product"}],"about":[{"href":"https:\/\/melnibone.at\/shop\/index.php\/wp-json\/wp\/v2\/types\/product"}],"wp:featuredmedia":[{"embeddable":true,"href":"https:\/\/melnibone.at\/shop\/index.php\/wp-json\/wp\/v2\/media\/6255"}],"wp:attachment":[{"href":"https:\/\/melnibone.at\/shop\/index.php\/wp-json\/wp\/v2\/media?parent=6252"}],"wp:term":[{"taxonomy":"product_brand","embeddable":true,"href":"https:\/\/melnibone.at\/shop\/index.php\/wp-json\/wp\/v2\/product_brand?post=6252"},{"taxonomy":"product_cat","embeddable":true,"href":"https:\/\/melnibone.at\/shop\/index.php\/wp-json\/wp\/v2\/product_cat?post=6252"},{"taxonomy":"product_tag","embeddable":true,"href":"https:\/\/melnibone.at\/shop\/index.php\/wp-json\/wp\/v2\/product_tag?post=6252"}],"curies":[{"name":"wp","href":"https:\/\/api.w.org\/{rel}","templated":true}]}}