{"id":6256,"date":"2025-06-07T12:52:41","date_gmt":"2025-06-07T10:52:41","guid":{"rendered":"https:\/\/melnibone.at\/shop\/?post_type=product&#038;p=6256"},"modified":"2025-06-20T15:58:26","modified_gmt":"2025-06-20T13:58:26","slug":"brettspiel-elden-ring-weeping-peninsula-eng","status":"publish","type":"product","link":"https:\/\/melnibone.at\/shop\/index.php\/produkt\/brettspiel-elden-ring-weeping-peninsula-eng\/","title":{"rendered":"Brettspiel Elden Ring &#8211; Weeping Peninsula ENG"},"content":{"rendered":"<h1 class=\"product_heading\">Brettspiel Elden Ring &#8211; Weeping Peninsula ENG<\/h1>\n<p>Erhebt euch, Gezeichnete, und zieht euren Umhang enger gegen den eisigen Wind des Todes.<\/p>\n<p>Inspiriert vom Videospielhit Elden Ring, mit \u00fcber 28 Millionen verkauften Kopien, erm\u00f6glicht dieses kooperative Brettspiel 1-4 Spielern die Erkundung der Weeping Peninsula, eines melancholischen Landes voller verborgener Geheimnisse, m\u00e4chtiger Artefakte und t\u00f6dlicher Gefahren.<\/p>\n<p>Werdet zu einem der Gezeichneten und bahnt euch euren Weg durch diese verfluchte K\u00fcste. Spielt alleine oder arbeitet mit euren Freunden zusammen, um in taktischen K\u00e4mpfen gegen Horden von entstellten Kreaturen zu \u00fcberleben. Passt euren Gezeichneten an, gestaltet eure Geschichte und stellt euren Mut in der entscheidenden Schlacht gegen den Alptraum, Leonine Misbegotten, auf die Probe!<\/p>\n<p>Elden Ring: Weeping Peninsula bietet mehrere wiederholbare Szenarien, die zu einer epischen Kampagne von mehr als 20 Stunden f\u00fchren oder als eigenst\u00e4ndige \u201eOne-Shot\u201c-Missionen gespielt werden k\u00f6nnen. Das Spiel kann alleine gespielt oder mit den Erweiterungen\u00a0<a href=\"https:\/\/www.xzone.de\/brettspiel-elden-ring-realm-of-the-grafted-king-eng\">The Grafted King<\/a>\u00a0oder\u00a0<a href=\"https:\/\/www.xzone.de\/brettspiel-elden-ring-stormveil-castle-eng\">Stormveil Castle<\/a>\u00a0kombiniert werden, um noch gr\u00f6\u00dfere Abenteuer zu erleben.<\/p>\n<p>Das Spiel bietet ein spannendes Spielerlebnis und wundersch\u00f6n detaillierte Miniaturen, die die intensiven K\u00e4mpfe und die fesselnde Atmosph\u00e4re des Videospiel-Urgesteins lebendig einfangen. Das intelligente Kampfsystem basierend auf Karten nutzt ein einzigartiges Gittersystem, das die Spieler zur Zusammenarbeit und zu einer strategischen Herangehensweise an jeden Konflikt zwingt. W\u00e4hlt aus mehreren Klassen der Gezeichneten, einschlie\u00dflich zwei ganz neuen Klassen, die exklusiv f\u00fcr dieses Set sind \u2013 der Bandit und der Held.<\/p>\n<p>Werdet ihr dem Ruf des Abenteuers folgen?<\/p>\n<p>&nbsp;<\/p>\n<p><strong>INHALT DER VERPACKUNG<\/strong><br \/>\n&#8211; 16 detailliert gestaltete Miniaturen von Feinden<br \/>\n&#8211; 4 Miniaturen von Helden<br \/>\n&#8211; 4 Begegnungsb\u00fccher<br \/>\n&#8211; 1 Szenariobuch<br \/>\n&#8211; 4 \u00dcbersichtsb\u00fccher<br \/>\n&#8211; 45 Sechseck-Pl\u00e4ttchen<br \/>\n&#8211; 177 Tokens<br \/>\n&#8211; 754 Karten<br \/>\n&#8211; 1 Regelbuch<\/p>\n<p>&nbsp;<\/p>\n<p><strong>Empfohlenes Alter:<\/strong>\u00a014+<br \/>\n<strong>Spieleranzahl:<\/strong>\u00a01-4<br \/>\n<strong>Sprache:<\/strong>\u00a0Englisch<\/p>\n","protected":false},"excerpt":{"rendered":"<p>Brettspiel Elden Ring &#8211; Weeping Peninsula ENG Erhebt euch, Gezeichnete, und zieht euren Umhang enger gegen den eisigen Wind des Todes. Inspiriert vom Videospielhit Elden Ring, mit \u00fcber 28 Millionen verkauften Kopien, erm\u00f6glicht dieses kooperative Brettspiel 1-4 Spielern die Erkundung der Weeping Peninsula, eines melancholischen Landes voller verborgener Geheimnisse, m\u00e4chtiger Artefakte und t\u00f6dlicher Gefahren. Werdet [&hellip;]<\/p>\n","protected":false},"featured_media":6259,"template":"","meta":[],"product_brand":[],"product_cat":[123],"product_tag":[],"class_list":{"0":"post-6256","1":"product","2":"type-product","3":"status-publish","4":"has-post-thumbnail","6":"product_cat-brettspiele-table-top","8":"first","9":"instock","10":"taxable","11":"shipping-taxable","12":"purchasable","13":"product-type-simple"},"_links":{"self":[{"href":"https:\/\/melnibone.at\/shop\/index.php\/wp-json\/wp\/v2\/product\/6256","targetHints":{"allow":["GET"]}}],"collection":[{"href":"https:\/\/melnibone.at\/shop\/index.php\/wp-json\/wp\/v2\/product"}],"about":[{"href":"https:\/\/melnibone.at\/shop\/index.php\/wp-json\/wp\/v2\/types\/product"}],"wp:featuredmedia":[{"embeddable":true,"href":"https:\/\/melnibone.at\/shop\/index.php\/wp-json\/wp\/v2\/media\/6259"}],"wp:attachment":[{"href":"https:\/\/melnibone.at\/shop\/index.php\/wp-json\/wp\/v2\/media?parent=6256"}],"wp:term":[{"taxonomy":"product_brand","embeddable":true,"href":"https:\/\/melnibone.at\/shop\/index.php\/wp-json\/wp\/v2\/product_brand?post=6256"},{"taxonomy":"product_cat","embeddable":true,"href":"https:\/\/melnibone.at\/shop\/index.php\/wp-json\/wp\/v2\/product_cat?post=6256"},{"taxonomy":"product_tag","embeddable":true,"href":"https:\/\/melnibone.at\/shop\/index.php\/wp-json\/wp\/v2\/product_tag?post=6256"}],"curies":[{"name":"wp","href":"https:\/\/api.w.org\/{rel}","templated":true}]}}