{"id":6319,"date":"2025-06-18T17:32:51","date_gmt":"2025-06-18T15:32:51","guid":{"rendered":"https:\/\/melnibone.at\/shop\/?post_type=product&#038;p=6319"},"modified":"2025-06-18T17:34:23","modified_gmt":"2025-06-18T15:34:23","slug":"kill-team-bluternter-103-89","status":"publish","type":"product","link":"https:\/\/melnibone.at\/shop\/index.php\/produkt\/kill-team-bluternter-103-89\/","title":{"rendered":"Kill Team &#8211; Bluternter (103-89)"},"content":{"rendered":"<h1 class=\"fn product-title\">Kill Team &#8211; Bluternter (103-89)<\/h1>\n<div class=\"product-detail-description-text\">\n<div class=\"desc\"><b>Inhalt:<\/b><\/p>\n<ul>\n<li>8x mehrteilige Miniaturen der Goremongers aus Kunststoff<\/li>\n<li>1x Markerset mit 38 beidseitig bedruckten Goremonger-Spielmarken<\/li>\n<li>8x Citadel Rundbases (32\u202fmm)<\/li>\n<\/ul>\n<p>Sie haben den Zorn der D\u00e4monen \u00fcberlebt \u2013 und ihn verinnerlicht. Die Goremongers sind nicht einfach Kultisten, sie sind Blutpropheten Khornes auf zwei Beinen. Wo sie marschieren, flie\u00dft Blut, und jedes Gefecht ist ein Opfer an den Blutgott. Ob mit Kettenaxt, Harpune oder Dolch \u2013 ihre Waffen sind Werkzeuge reinen Hasses.<\/p>\n<p>Dieses mehrteilige Set enth\u00e4lt acht Goremongers-Miniaturen, die sowohl in Kill Team als auch in einer World Eaters-Armee f\u00fcr Warhammer 40.000 eingesetzt werden k\u00f6nnen. Dank zahlreicher Optionen, alternativer K\u00f6pfe und Zubeh\u00f6rteile l\u00e4sst sich jede Figur individuell gestalten \u2013 und Spezialisten wie der gnadenlose Skullclaimer, der blitzschnelle Inciter oder der brutale Impaler verleihen deinem Trupp zus\u00e4tzliche taktische Sch\u00e4rfe.<\/p>\n<p>Ein beiliegender Markerbogen mit 38 doppelseitigen Tokens sorgt daf\u00fcr, dass du im Spiel jederzeit den \u00dcberblick \u00fcber Ausr\u00fcstung und Effekte beh\u00e4ltst \u2013 ideal f\u00fcr schnelle Gefechte und narrative Schlachten gleicherma\u00dfen.<\/p>\n<p>Merkmale:<\/p>\n<ul>\n<li>Miniaturenset mit vielseitiger Verwendung f\u00fcr Kill Team und Warhammer 40.000<\/li>\n<li>Enth\u00e4lt Spezialisten mit einzigartigen Rollen im Team<\/li>\n<li>Zahlreiche Optionen zur Individualisierung von Posen und Ausr\u00fcstung<\/li>\n<li>Spielmarken zur einfachen \u00dcbersicht w\u00e4hrend der Partie<\/li>\n<li>Ideal f\u00fcr Fans der World Eaters und Khorne-\u00c4sthetik<\/li>\n<\/ul>\n<p><em>Dieser Bausatz besteht aus Kunststoff, ist unbemalt und muss zusammengebaut werden.<\/em><\/div>\n<div class=\"desc\">\n<div><\/div>\n<div class=\"grey-hint\"><strong>Wichtiger Hinweis<\/strong><br \/>\nAchtung! Nicht f\u00fcr Kinder unter 36 Monaten geeignet. Erstickungsgefahr wegen verschluckbarer Kleinteile.<\/div>\n<div><\/div>\n<\/div>\n<\/div>\n<h2>Hersteller Information<\/h2>\n<p>Games Workshop Group PLC, \u00a0Willow Road,\u00a0Lenton,\u00a0Nottingham,\u00a0NG7 2WS,\u00a0United Kingdom.<\/p>\n<p>Tel.: +44 (0)115 900 4000<\/p>\n<p>Email.: mailorder@gwplc.com<\/p>\n<p>&nbsp;<\/p>\n<h2><strong>EU Wirtschafter<\/strong><\/h2>\n<p>Name: Games Workshop Limited &#8211; Irish branch Unit 3<br \/>\nE-Mail Adresse: https:\/\/www.warhammer.com\/de-DE\/contact-us<br \/>\nStrasse: Lower Liffey Street<br \/>\nPostleitzahl: D01 K199<br \/>\nStadt: Dublin 1<br \/>\nLand: IE<br \/>\nTelefonnummer: +353 180 085 2972<\/p>\n","protected":false},"excerpt":{"rendered":"<p>Kill Team &#8211; Bluternter (103-89) Inhalt: 8x mehrteilige Miniaturen der Goremongers aus Kunststoff 1x Markerset mit 38 beidseitig bedruckten Goremonger-Spielmarken 8x Citadel Rundbases (32\u202fmm) Sie haben den Zorn der D\u00e4monen \u00fcberlebt \u2013 und ihn verinnerlicht. Die Goremongers sind nicht einfach Kultisten, sie sind Blutpropheten Khornes auf zwei Beinen. Wo sie marschieren, flie\u00dft Blut, und jedes [&hellip;]<\/p>\n","protected":false},"featured_media":6320,"template":"","meta":[],"product_brand":[],"product_cat":[118,117],"product_tag":[],"class_list":{"0":"post-6319","1":"product","2":"type-product","3":"status-publish","4":"has-post-thumbnail","6":"product_cat-40k","7":"product_cat-warhammer","9":"first","10":"instock","11":"sale","12":"taxable","13":"shipping-taxable","14":"purchasable","15":"product-type-simple"},"_links":{"self":[{"href":"https:\/\/melnibone.at\/shop\/index.php\/wp-json\/wp\/v2\/product\/6319","targetHints":{"allow":["GET"]}}],"collection":[{"href":"https:\/\/melnibone.at\/shop\/index.php\/wp-json\/wp\/v2\/product"}],"about":[{"href":"https:\/\/melnibone.at\/shop\/index.php\/wp-json\/wp\/v2\/types\/product"}],"wp:featuredmedia":[{"embeddable":true,"href":"https:\/\/melnibone.at\/shop\/index.php\/wp-json\/wp\/v2\/media\/6320"}],"wp:attachment":[{"href":"https:\/\/melnibone.at\/shop\/index.php\/wp-json\/wp\/v2\/media?parent=6319"}],"wp:term":[{"taxonomy":"product_brand","embeddable":true,"href":"https:\/\/melnibone.at\/shop\/index.php\/wp-json\/wp\/v2\/product_brand?post=6319"},{"taxonomy":"product_cat","embeddable":true,"href":"https:\/\/melnibone.at\/shop\/index.php\/wp-json\/wp\/v2\/product_cat?post=6319"},{"taxonomy":"product_tag","embeddable":true,"href":"https:\/\/melnibone.at\/shop\/index.php\/wp-json\/wp\/v2\/product_tag?post=6319"}],"curies":[{"name":"wp","href":"https:\/\/api.w.org\/{rel}","templated":true}]}}