{"id":6321,"date":"2025-06-18T17:34:50","date_gmt":"2025-06-18T15:34:50","guid":{"rendered":"https:\/\/melnibone.at\/shop\/?post_type=product&#038;p=6321"},"modified":"2025-06-18T17:36:04","modified_gmt":"2025-06-18T15:36:04","slug":"kill-team-sanktifikatoren-103-90","status":"publish","type":"product","link":"https:\/\/melnibone.at\/shop\/index.php\/produkt\/kill-team-sanktifikatoren-103-90\/","title":{"rendered":"Kill Team &#8211; Sanktifikatoren (103-90)"},"content":{"rendered":"<h1 class=\"fn product-title\">Kill Team &#8211; Sanktifikatoren (103-90)<\/h1>\n<div class=\"product-detail-description-text\">\n<div class=\"desc\">\n<p><b>Inhalt:<\/b><\/p>\n<ul>\n<li>11x mehrteilige Miniaturen der Sanctifiers aus Kunststoff<\/li>\n<li>1x Markerset mit 39 beidseitig bedruckten Sanctifier-Spielmarken<\/li>\n<li>1x Citadel Rundbase (32\u202fmm)<\/li>\n<li>10x Citadel Rundbases (25\u202fmm)<\/li>\n<\/ul>\n<p>Wo der Glaube wankt, da folgen sie: die Sanctifiers. Diese fanatischen Vollstrecker der Reinheit begleiten imperiale Streitkr\u00e4fte durch zahllose Kriegsgebiete, stets auf der Suche nach verdorbenem Boden und schwankender Seele. Ihre Mission? Ketzer jagen, Reliquien reinigen und heilige St\u00e4tten mit Blut, Rauch und Gebet neu weihen.<\/p>\n<p>Dieses mehrteilige Set enth\u00e4lt elf individuell gestaltbare Miniaturen f\u00fcr dein Sanctifier Kill Team oder eine Armee der Adepta Sororitas in Warhammer 40.000. Dank vielseitiger Ausr\u00fcstung und alternativer K\u00f6pfe l\u00e4sst sich jede Figur nach Wunsch anpassen \u2013 inklusive ikonischer Spezialisten wie dem flammenverliebten Conflagrator, der lautlosen Death Cult Assassin oder der geheimnisvollen Miraculist, die fast schon \u00fcbernat\u00fcrlich wirkt.<\/p>\n<p>Ein doppelseitiger Markerbogen mit 39 Spielmarken hilft dir, im Eifer des Gefechts stets den \u00dcberblick \u00fcber Effekte, Ausr\u00fcstung und Status zu behalten \u2013 schnell, praktisch und stilecht.<\/p>\n<p>Merkmale:<\/p>\n<ul>\n<li>Vielseitig einsetzbar in Kill Team oder als Teil einer Adepta Sororitas-Armee<\/li>\n<li>Umfangreiche Optionen zur individuellen Modellgestaltung<\/li>\n<li>Spezialisten mit besonderen taktischen Rollen im Team<\/li>\n<li>Beidseitige Spielmarken zur Erleichterung der Spiel\u00fcbersicht<\/li>\n<li>Ideal f\u00fcr Spieler, die Wert auf thematische Inszenierung und Reinheit im Dienst des Imperators legen<\/li>\n<\/ul>\n<p><em>Dieser Bausatz besteht aus Kunststoff, ist unbemalt und muss zusammengebaut werden.<\/em><\/p>\n<div class=\"grey-hint\"><strong>Wichtiger Hinweis<\/strong><br \/>\nAchtung! Nicht f\u00fcr Kinder unter 36 Monaten geeignet. Erstickungsgefahr wegen verschluckbarer Kleinteile.<\/div>\n<\/div>\n<div class=\"desc\">\n<div><\/div>\n<div class=\"grey-hint\"><\/div>\n<div><\/div>\n<\/div>\n<\/div>\n<h2>Hersteller Information<\/h2>\n<p>Games Workshop Group PLC, \u00a0Willow Road,\u00a0Lenton,\u00a0Nottingham,\u00a0NG7 2WS,\u00a0United Kingdom.<\/p>\n<p>Tel.: +44 (0)115 900 4000<\/p>\n<p>Email.: mailorder@gwplc.com<\/p>\n<p>&nbsp;<\/p>\n<h2><strong>EU Wirtschafter<\/strong><\/h2>\n<p>Name: Games Workshop Limited &#8211; Irish branch Unit 3<br \/>\nE-Mail Adresse: https:\/\/www.warhammer.com\/de-DE\/contact-us<br \/>\nStrasse: Lower Liffey Street<br \/>\nPostleitzahl: D01 K199<br \/>\nStadt: Dublin 1<br \/>\nLand: IE<br \/>\nTelefonnummer: +353 180 085 2972<\/p>\n","protected":false},"excerpt":{"rendered":"<p>Kill Team &#8211; Sanktifikatoren (103-90) Inhalt: 11x mehrteilige Miniaturen der Sanctifiers aus Kunststoff 1x Markerset mit 39 beidseitig bedruckten Sanctifier-Spielmarken 1x Citadel Rundbase (32\u202fmm) 10x Citadel Rundbases (25\u202fmm) Wo der Glaube wankt, da folgen sie: die Sanctifiers. Diese fanatischen Vollstrecker der Reinheit begleiten imperiale Streitkr\u00e4fte durch zahllose Kriegsgebiete, stets auf der Suche nach verdorbenem Boden [&hellip;]<\/p>\n","protected":false},"featured_media":6322,"template":"","meta":[],"product_brand":[],"product_cat":[118,117],"product_tag":[],"class_list":{"0":"post-6321","1":"product","2":"type-product","3":"status-publish","4":"has-post-thumbnail","6":"product_cat-40k","7":"product_cat-warhammer","9":"first","10":"instock","11":"sale","12":"taxable","13":"shipping-taxable","14":"purchasable","15":"product-type-simple"},"_links":{"self":[{"href":"https:\/\/melnibone.at\/shop\/index.php\/wp-json\/wp\/v2\/product\/6321","targetHints":{"allow":["GET"]}}],"collection":[{"href":"https:\/\/melnibone.at\/shop\/index.php\/wp-json\/wp\/v2\/product"}],"about":[{"href":"https:\/\/melnibone.at\/shop\/index.php\/wp-json\/wp\/v2\/types\/product"}],"wp:featuredmedia":[{"embeddable":true,"href":"https:\/\/melnibone.at\/shop\/index.php\/wp-json\/wp\/v2\/media\/6322"}],"wp:attachment":[{"href":"https:\/\/melnibone.at\/shop\/index.php\/wp-json\/wp\/v2\/media?parent=6321"}],"wp:term":[{"taxonomy":"product_brand","embeddable":true,"href":"https:\/\/melnibone.at\/shop\/index.php\/wp-json\/wp\/v2\/product_brand?post=6321"},{"taxonomy":"product_cat","embeddable":true,"href":"https:\/\/melnibone.at\/shop\/index.php\/wp-json\/wp\/v2\/product_cat?post=6321"},{"taxonomy":"product_tag","embeddable":true,"href":"https:\/\/melnibone.at\/shop\/index.php\/wp-json\/wp\/v2\/product_tag?post=6321"}],"curies":[{"name":"wp","href":"https:\/\/api.w.org\/{rel}","templated":true}]}}