{"id":6634,"date":"2025-08-02T11:51:14","date_gmt":"2025-08-02T09:51:14","guid":{"rendered":"https:\/\/melnibone.at\/shop\/?post_type=product&#038;p=6634"},"modified":"2025-08-02T11:53:57","modified_gmt":"2025-08-02T09:53:57","slug":"black-templars-crusade-ancient-55-57","status":"publish","type":"product","link":"https:\/\/melnibone.at\/shop\/index.php\/produkt\/black-templars-crusade-ancient-55-57\/","title":{"rendered":"Black Templars &#8211; Crusade Ancient (55-57)"},"content":{"rendered":"<h2 class=\"text-black text-center text-emperor-sm normal-case !mt-0 font-light leading-9\" data-testid=\"hero-product-card-name\">Black Templars &#8211; Crusade Ancient (55-57)<\/h2>\n<h2>Kreuzzug-Standartentr\u00e4ger<\/h2>\n<h2>Banner des Glaubens, Zeichen des Sieges<\/h2>\n<p>Die\u00a0<strong><a class=\"autolinker_link category-item \" title=\"Black Templars kaufen bei Kutami: Die Black Templars sind fanatische Space Marines, die im Nahkampf...\" href=\"https:\/\/www.kutami.de\/warhammer-40k\/black-templars\">Black Templars<\/a><\/strong>\u00a0verehren ihre Reliquien mit fanatischer Hingabe \u2013 darunter auch ehrw\u00fcrdige Standarten, die an ruhmreiche Kreuzz\u00fcge erinnern. In den H\u00e4nden eines\u00a0<strong>Kreuzzug-Standartentr\u00e4gers<\/strong>\u00a0werden diese Banner zu Symbolen g\u00f6ttlicher Inspiration. Deine Krieger k\u00e4mpfen unter ihrem Schatten mit noch gr\u00f6\u00dferem Eifer, getrieben vom Zorn des Gottimperators.<\/p>\n<h2>Enthalten im Bausatz:<\/h2>\n<ul>\n<li>Eine mehrteilige Miniatur des\u00a0<strong>Kreuzzug-Standartentr\u00e4gers<\/strong><\/li>\n<li>Zwei Banner-Varianten: mit leerem Schild oder dem Wappen des\u00a0<strong>Armageddon-Kreuzzugs<\/strong><\/li>\n<li>Ikonische Details im Stil der\u00a0<a class=\"autolinker_link category-item \" title=\"Black Templars kaufen bei Kutami: Die Black Templars sind fanatische Space Marines, die im Nahkampf...\" href=\"https:\/\/www.kutami.de\/warhammer-40k\/black-templars\">Black Templars<\/a><\/li>\n<li>Perfekte Erg\u00e4nzung f\u00fcr deine\u00a0<strong>Black Templar Armee<\/strong><\/li>\n<\/ul>\n<p><em>Miniaturen werden unmontiert und unbemalt geliefert.<\/em><\/p>\n<div class=\"product-detail-description-text\">\n<div class=\"desc\">\n<div class=\"grey-hint\"><strong>Wichtiger Hinweis<\/strong><br \/>\nAchtung! Nicht f\u00fcr Kinder unter 36 Monaten geeignet. Erstickungsgefahr wegen verschluck barer Kleinteile.<\/div>\n<\/div>\n<div class=\"desc\">\n<div><\/div>\n<div class=\"grey-hint\"><\/div>\n<div><\/div>\n<\/div>\n<\/div>\n<h2>Hersteller Information<\/h2>\n<p>Games Workshop Group PLC, \u00a0Willow Road,\u00a0Lenton,\u00a0Nottingham,\u00a0NG7 2WS,\u00a0United Kingdom.<\/p>\n<p>Tel.: +44 (0)115 900 4000<\/p>\n<p>Email.: mailorder@gwplc.com<\/p>\n<p>&nbsp;<\/p>\n<h2><strong>EU Wirtschafter<\/strong><\/h2>\n<p>Name: Games Workshop Limited &#8211; Irish branch Unit 3<br \/>\nE-Mail Adresse: https:\/\/www.warhammer.com\/de-DE\/contact-us<br \/>\nStrasse: Lower Liffey Street<br \/>\nPostleitzahl: D01 K199<br \/>\nStadt: Dublin 1<br \/>\nLand: IE<br \/>\nTelefonnummer: +353 180 085 2972<\/p>\n","protected":false},"excerpt":{"rendered":"<p>Black Templars &#8211; Crusade Ancient (55-57) Kreuzzug-Standartentr\u00e4ger Banner des Glaubens, Zeichen des Sieges Die\u00a0Black Templars\u00a0verehren ihre Reliquien mit fanatischer Hingabe \u2013 darunter auch ehrw\u00fcrdige Standarten, die an ruhmreiche Kreuzz\u00fcge erinnern. In den H\u00e4nden eines\u00a0Kreuzzug-Standartentr\u00e4gers\u00a0werden diese Banner zu Symbolen g\u00f6ttlicher Inspiration. Deine Krieger k\u00e4mpfen unter ihrem Schatten mit noch gr\u00f6\u00dferem Eifer, getrieben vom Zorn des Gottimperators. [&hellip;]<\/p>\n","protected":false},"featured_media":6635,"template":"","meta":[],"product_brand":[],"product_cat":[118,117],"product_tag":[],"class_list":{"0":"post-6634","1":"product","2":"type-product","3":"status-publish","4":"has-post-thumbnail","6":"product_cat-40k","7":"product_cat-warhammer","9":"first","10":"instock","11":"sale","12":"taxable","13":"shipping-taxable","14":"purchasable","15":"product-type-simple"},"_links":{"self":[{"href":"https:\/\/melnibone.at\/shop\/index.php\/wp-json\/wp\/v2\/product\/6634","targetHints":{"allow":["GET"]}}],"collection":[{"href":"https:\/\/melnibone.at\/shop\/index.php\/wp-json\/wp\/v2\/product"}],"about":[{"href":"https:\/\/melnibone.at\/shop\/index.php\/wp-json\/wp\/v2\/types\/product"}],"wp:featuredmedia":[{"embeddable":true,"href":"https:\/\/melnibone.at\/shop\/index.php\/wp-json\/wp\/v2\/media\/6635"}],"wp:attachment":[{"href":"https:\/\/melnibone.at\/shop\/index.php\/wp-json\/wp\/v2\/media?parent=6634"}],"wp:term":[{"taxonomy":"product_brand","embeddable":true,"href":"https:\/\/melnibone.at\/shop\/index.php\/wp-json\/wp\/v2\/product_brand?post=6634"},{"taxonomy":"product_cat","embeddable":true,"href":"https:\/\/melnibone.at\/shop\/index.php\/wp-json\/wp\/v2\/product_cat?post=6634"},{"taxonomy":"product_tag","embeddable":true,"href":"https:\/\/melnibone.at\/shop\/index.php\/wp-json\/wp\/v2\/product_tag?post=6634"}],"curies":[{"name":"wp","href":"https:\/\/api.w.org\/{rel}","templated":true}]}}