{"id":6638,"date":"2025-08-02T11:59:34","date_gmt":"2025-08-02T09:59:34","guid":{"rendered":"https:\/\/melnibone.at\/shop\/?post_type=product&#038;p=6638"},"modified":"2025-08-02T12:04:46","modified_gmt":"2025-08-02T10:04:46","slug":"w40k-combat-patrol-space-wolves-53-532","status":"publish","type":"product","link":"https:\/\/melnibone.at\/shop\/index.php\/produkt\/w40k-combat-patrol-space-wolves-53-532\/","title":{"rendered":"W40K: Combat Patrol: Tyranid Assault Brood (73-511)"},"content":{"rendered":"<h2 class=\"text-black text-center text-emperor-sm normal-case !mt-0 font-light leading-9\" data-testid=\"hero-product-card-name\">W40K: Combat Patrol: Tyranid Assault Brood (73-511)<\/h2>\n<p>Tyraniden k\u00f6nnen eine erschreckende Vielzahl an Formen aufweisen, jede davon schrecklicher als die vorherige. Man hat kleine St\u00f6rstreitkr\u00e4fte beobachtet, die von einem sogenannten Parasit von Mortrex angef\u00fchrt werden. Diese Streitkr\u00e4fte werden von Tyrantenwachen mit dicker Panzerung gesch\u00fctzt und von der wandelnden Artillerie, die man Biovoren nennt, unterst\u00fctzt, die lebende Sporenminen \u00fcber das Schlachtfeld schie\u00dfen. Das gef\u00e4hrlichste Element sind vielleicht die aggressiven und verstohlenen Symbionten, die voranst\u00fcrmen und mit ihren rasiermesserscharfen Klauen rei\u00dfen und schneiden.<\/p>\n<p>Wenn du alle Biomasse der Galaxis verschlingen willst, ist diese Box die perfekte Art, eine neue Sammlung der Tyraniden zu beginnen \u2013 oder eine existierende Armee zu erweitern \u2013 und dabei im Vergleich zum Einzelkauf der Baus\u00e4tze Geld zu sparen. Die Streitmacht wird von einem albtraumhaften Parasiten von Mortrex angef\u00fchrt, der seine Beute mit einem Widerhakenbesetzten Ovipositor infiziert. Drei Tyrantenwachen k\u00f6nnen durch die z\u00e4hesten Feinde brechen, w\u00e4hrend Symbionten voranhuschen, um etwaige \u00dcberlende zu erledigen. Eine Biovore schlie\u00dflich bietet Unterst\u00fctzung auf lange Reichweite. Diese 18 Kunststoffminiaturen stellen eine vollst\u00e4ndige Sturmrotte der Tyraniden dar, die du in packenden, taktischen Kampfpatrouillespielen bei Warhammer 40.000 einsetzen kannst \u2013 die Regeln f\u00fcr diese Kampfpatrouille findest du als kostenlosen Download auf der Website der Warhammer Community.<\/p>\n<p><strong>Aus diesem Set kannst du 18 Kunststoffminiaturen der Tyraniden bauen:<\/strong><br \/>\n\u2013 1x Parasit von Mortrex<br \/>\n\u2013 3x Tyrantenwachen (die alternativ als Schwarmwachen gebaut werden k\u00f6nnen)<br \/>\n\u2013 1x Biovore (die alternativ als eine Pyrovore gebaut werden kann)<br \/>\n\u2013 3x Sporenminen<br \/>\n\u2013\u00a010x Symbionten<\/p>\n<p>Die Miniaturen in dieser Box lassen sich leicht individualisieren. Die Symbionten haben verschiedene Kopfoptionen und die Biovore kann alternativ als eine Flammen speiende Pyrovore gebaut werden.<\/p>\n<p>Die Tyrantenwache kann mit Scherenklauen, Sensenklauen oder Knochenschwert und Tentakelpeitsche gebaut werden. Die K\u00f6pfe, K\u00f6rper, Schw\u00e4nze, Beine, Arme und Waffen sind unter den Miniaturen austauschbar, so dass du dein inneres Schwarmbewusstsein ausleben kannst, wenn du sie zusammenbaust. Sie k\u00f6nnen alternativ als Schwarmwachen gebaut werden, die mit einer Harpunenkanone oder Schockkanone bewaffnet sind.<\/p>\n<p>Der Bausatz enth\u00e4lt 260 Kunststoffteile, 1x Citadel-Rundbase (80 mm), 1x Citadel-Rundbase (40 mm), 1x Citadel-Rundbase (25 mm), 3x Citadel-Rundbases (50 mm) und 10x Citadel-Rundbases (32 mm).<\/p>\n<p>Diese Miniaturen m\u00fcssen zusammengebaut werden und sind unbemalt<\/p>\n<div class=\"product-detail-description-text\">\n<div class=\"desc\">\n<div class=\"grey-hint\"><strong>Wichtiger Hinweis<\/strong><br \/>\nAchtung! Nicht f\u00fcr Kinder unter 36 Monaten geeignet. Erstickungsgefahr wegen verschluck barer Kleinteile.<\/div>\n<\/div>\n<div class=\"desc\">\n<div><\/div>\n<div class=\"grey-hint\"><\/div>\n<div><\/div>\n<\/div>\n<\/div>\n<h2>Hersteller Information<\/h2>\n<p>Games Workshop Group PLC, \u00a0Willow Road,\u00a0Lenton,\u00a0Nottingham,\u00a0NG7 2WS,\u00a0United Kingdom.<\/p>\n<p>Tel.: +44 (0)115 900 4000<\/p>\n<p>Email.: mailorder@gwplc.com<\/p>\n<p>&nbsp;<\/p>\n<h2><strong>EU Wirtschafter<\/strong><\/h2>\n<p>Name: Games Workshop Limited &#8211; Irish branch Unit 3<br \/>\nE-Mail Adresse: https:\/\/www.warhammer.com\/de-DE\/contact-us<br \/>\nStrasse: Lower Liffey Street<br \/>\nPostleitzahl: D01 K199<br \/>\nStadt: Dublin 1<br \/>\nLand: IE<br \/>\nTelefonnummer: +353 180 085 2972<\/p>\n","protected":false},"excerpt":{"rendered":"<p>W40K: Combat Patrol: Tyranid Assault Brood (73-511) Tyraniden k\u00f6nnen eine erschreckende Vielzahl an Formen aufweisen, jede davon schrecklicher als die vorherige. Man hat kleine St\u00f6rstreitkr\u00e4fte beobachtet, die von einem sogenannten Parasit von Mortrex angef\u00fchrt werden. Diese Streitkr\u00e4fte werden von Tyrantenwachen mit dicker Panzerung gesch\u00fctzt und von der wandelnden Artillerie, die man Biovoren nennt, unterst\u00fctzt, die [&hellip;]<\/p>\n","protected":false},"featured_media":6641,"template":"","meta":[],"product_brand":[],"product_cat":[118,117],"product_tag":[],"class_list":{"0":"post-6638","1":"product","2":"type-product","3":"status-publish","4":"has-post-thumbnail","6":"product_cat-40k","7":"product_cat-warhammer","9":"first","10":"instock","11":"sale","12":"taxable","13":"shipping-taxable","14":"purchasable","15":"product-type-simple"},"_links":{"self":[{"href":"https:\/\/melnibone.at\/shop\/index.php\/wp-json\/wp\/v2\/product\/6638","targetHints":{"allow":["GET"]}}],"collection":[{"href":"https:\/\/melnibone.at\/shop\/index.php\/wp-json\/wp\/v2\/product"}],"about":[{"href":"https:\/\/melnibone.at\/shop\/index.php\/wp-json\/wp\/v2\/types\/product"}],"wp:featuredmedia":[{"embeddable":true,"href":"https:\/\/melnibone.at\/shop\/index.php\/wp-json\/wp\/v2\/media\/6641"}],"wp:attachment":[{"href":"https:\/\/melnibone.at\/shop\/index.php\/wp-json\/wp\/v2\/media?parent=6638"}],"wp:term":[{"taxonomy":"product_brand","embeddable":true,"href":"https:\/\/melnibone.at\/shop\/index.php\/wp-json\/wp\/v2\/product_brand?post=6638"},{"taxonomy":"product_cat","embeddable":true,"href":"https:\/\/melnibone.at\/shop\/index.php\/wp-json\/wp\/v2\/product_cat?post=6638"},{"taxonomy":"product_tag","embeddable":true,"href":"https:\/\/melnibone.at\/shop\/index.php\/wp-json\/wp\/v2\/product_tag?post=6638"}],"curies":[{"name":"wp","href":"https:\/\/api.w.org\/{rel}","templated":true}]}}