{"id":6642,"date":"2025-08-02T12:04:55","date_gmt":"2025-08-02T10:04:55","guid":{"rendered":"https:\/\/melnibone.at\/shop\/?post_type=product&#038;p=6642"},"modified":"2025-08-02T12:06:18","modified_gmt":"2025-08-02T10:06:18","slug":"w40k-combat-patrol-space-wolves-73-532","status":"publish","type":"product","link":"https:\/\/melnibone.at\/shop\/index.php\/produkt\/w40k-combat-patrol-space-wolves-73-532\/","title":{"rendered":"W40K: Combat Patrol: Space Wolves (73-532)"},"content":{"rendered":"<h2 class=\"text-black text-center text-emperor-sm normal-case !mt-0 font-light leading-9\" data-testid=\"hero-product-card-name\">W40K: Combat Patrol: Space Wolves (73-532)<\/h2>\n<p>Fyrri Askar hat an zahllosen Schlachten teilgenommen und sich mit Klinge und Bolter Ehre und Ruhm verdient. Jetzt dient er als Held dieses Einsatzverbands und setzt seine hart verdiente Erfahrung auf dem Schlachtfeld ein, um seine Krieger anzuleiten und durch sein Beispiel zu f\u00fchren, w\u00e4hrend sie ihre Beute durch die Sterne jagen.<\/p>\n<p>Wenn du deine eigene epische Saga schreiben, die besiegte Gegner und glorreiche Taten besingt, schreiben willst, ist diese Box die perfekte Art, eine neue Sammlung der Space Wolves zu beginnen \u2013 oder eine bestehende Armee zu erweitern \u2013 und im Vergleich zum Einzelkauf der Baus\u00e4tze Geld zu sparen. Der Anf\u00fchrer dieser Streitmacht ist ein erfahrener Wolfsgarde-Held, den eine Leibwache aus elit\u00e4ren Wolfsgarde-Terminatoren begleitet. Ihnen voran eilt ein eigensinniges Rudel Blutw\u00f6lfe und eine Einheit Wulfen-Berserker, die miteinander wetteifern, die meisten Feinde zu f\u00e4llen. Diese 21 Kunststoffminiaturen bilden ein vollst\u00e4ndiges Askars Wolfsrudel, das du in packenden, taktischen Kampfpatrouillespielen bei Warhammer 40.000 einsetzen kannst \u2013 die Regeln f\u00fcr diese Kampfpatrouille findest du als kostenlosen Download auf der Website der Warhammer Community.<\/p>\n<p><strong>Mit dieser Box kannst du 21 mehrteilige Kunststoffminiaturen der Space Wolves bauen:<\/strong><br \/>\n\u2013 1x Wolfsgarde-Held<br \/>\n\u2013 5x Wolfsgarde-Terminatoren<br \/>\n\u2013 5x Wulfen<br \/>\n\u2013 10x Blutw\u00f6lfe<\/p>\n<p>Die Miniaturen in dieser Box lassen sich leicht individualisieren. Der Wolfsgarde-Held kann mit einem Energiehammer oder einer Meisterhaften Energiewaffe ausger\u00fcstet werden, sowie einer Meisterhaften Schweren Boltpistole, Plasmapistole oder einem Sturmschild. Er kann zudem aus drei verschiedenen K\u00f6pfen w\u00e4hlen.<\/p>\n<p>Die Wolfsgarde-Terminatoren sind je mit einer Meisterhaften Energiewaffe und einem Sturmbolter oder Sturmschild ausger\u00fcstet. Einer kann als optionaler Rudelf\u00fchrer gebaut werden, der alternativ mit einer Reliktgro\u00dfaxt oder einem Energieklauenpaar ausger\u00fcstet werden. Ein Wolfsgardist kann mit Sturmkanone und Energiefaust bewaffnet werden und du kannst f\u00fcr den Trupp aus 18 austauschbaren K\u00f6pfen w\u00e4hlen.<\/p>\n<p>Die Blutw\u00f6lfe k\u00f6nnen einen optionalen Rudelf\u00fchrer haben, der eine Plasmapistole oder Boltpistole und eine Energieklaue, ein Astartes-Kettenschwert, eine Energieaxt oder ein Energieschwert tragen kann. Der Bausatz enth\u00e4lt 24 K\u00f6pfe, die im Trupp frei austauschbar sind, sowie optionales Zubeh\u00f6r, darunter Messerscheiden, Pistolenhalfter und mehr.<\/p>\n<p>Die Wulfen k\u00f6nnen wahlweise mit Energiehammer und Sturmschild, einer Zweihand-Frostaxt oder einem Frostklauenpaar ausger\u00fcstet werden. Jede Miniatur kann aus zwei K\u00f6pfen w\u00e4hlen und an ihren R\u00fcckenmodulen kannst du einen Sturmsplitter-Salvengranatwerfer oder ein Todestotem anbringen.<\/p>\n<p>Dieser Bausatz besteht aus 563 Kunststoffteilen, 10x Citadel-Rundbases (32 mm), 11x Citadel-Rundbases (40 mm) und 1x Abziehbilderbogen der Space Wolves mit 419 hochwertigen wasserl\u00f6slichen Abziehbildern, um deine Miniaturen zu verzieren.<\/p>\n<p>Diese Miniaturen m\u00fcssen zusammengebaut werden und sind unbemalt<\/p>\n<div class=\"product-detail-description-text\">\n<div class=\"desc\">\n<div class=\"grey-hint\"><strong>Wichtiger Hinweis<\/strong><br \/>\nAchtung! Nicht f\u00fcr Kinder unter 36 Monaten geeignet. Erstickungsgefahr wegen verschluck barer Kleinteile.<\/div>\n<\/div>\n<div class=\"desc\">\n<div><\/div>\n<div class=\"grey-hint\"><\/div>\n<div><\/div>\n<\/div>\n<\/div>\n<h2>Hersteller Information<\/h2>\n<p>Games Workshop Group PLC, \u00a0Willow Road,\u00a0Lenton,\u00a0Nottingham,\u00a0NG7 2WS,\u00a0United Kingdom.<\/p>\n<p>Tel.: +44 (0)115 900 4000<\/p>\n<p>Email.: mailorder@gwplc.com<\/p>\n<p>&nbsp;<\/p>\n<h2><strong>EU Wirtschafter<\/strong><\/h2>\n<p>Name: Games Workshop Limited &#8211; Irish branch Unit 3<br \/>\nE-Mail Adresse: https:\/\/www.warhammer.com\/de-DE\/contact-us<br \/>\nStrasse: Lower Liffey Street<br \/>\nPostleitzahl: D01 K199<br \/>\nStadt: Dublin 1<br \/>\nLand: IE<br \/>\nTelefonnummer: +353 180 085 2972<\/p>\n","protected":false},"excerpt":{"rendered":"<p>W40K: Combat Patrol: Space Wolves (73-532) Fyrri Askar hat an zahllosen Schlachten teilgenommen und sich mit Klinge und Bolter Ehre und Ruhm verdient. Jetzt dient er als Held dieses Einsatzverbands und setzt seine hart verdiente Erfahrung auf dem Schlachtfeld ein, um seine Krieger anzuleiten und durch sein Beispiel zu f\u00fchren, w\u00e4hrend sie ihre Beute durch [&hellip;]<\/p>\n","protected":false},"featured_media":6639,"template":"","meta":[],"product_brand":[],"product_cat":[118,117],"product_tag":[],"class_list":{"0":"post-6642","1":"product","2":"type-product","3":"status-publish","4":"has-post-thumbnail","6":"product_cat-40k","7":"product_cat-warhammer","9":"first","10":"instock","11":"sale","12":"taxable","13":"shipping-taxable","14":"purchasable","15":"product-type-simple"},"_links":{"self":[{"href":"https:\/\/melnibone.at\/shop\/index.php\/wp-json\/wp\/v2\/product\/6642","targetHints":{"allow":["GET"]}}],"collection":[{"href":"https:\/\/melnibone.at\/shop\/index.php\/wp-json\/wp\/v2\/product"}],"about":[{"href":"https:\/\/melnibone.at\/shop\/index.php\/wp-json\/wp\/v2\/types\/product"}],"wp:featuredmedia":[{"embeddable":true,"href":"https:\/\/melnibone.at\/shop\/index.php\/wp-json\/wp\/v2\/media\/6639"}],"wp:attachment":[{"href":"https:\/\/melnibone.at\/shop\/index.php\/wp-json\/wp\/v2\/media?parent=6642"}],"wp:term":[{"taxonomy":"product_brand","embeddable":true,"href":"https:\/\/melnibone.at\/shop\/index.php\/wp-json\/wp\/v2\/product_brand?post=6642"},{"taxonomy":"product_cat","embeddable":true,"href":"https:\/\/melnibone.at\/shop\/index.php\/wp-json\/wp\/v2\/product_cat?post=6642"},{"taxonomy":"product_tag","embeddable":true,"href":"https:\/\/melnibone.at\/shop\/index.php\/wp-json\/wp\/v2\/product_tag?post=6642"}],"curies":[{"name":"wp","href":"https:\/\/api.w.org\/{rel}","templated":true}]}}