{"id":6840,"date":"2025-09-20T13:03:23","date_gmt":"2025-09-20T11:03:23","guid":{"rendered":"https:\/\/melnibone.at\/shop\/?post_type=product&#038;p=6840"},"modified":"2026-03-20T17:47:06","modified_gmt":"2026-03-20T16:47:06","slug":"marvels-spider-man-prerelease-pack-de","status":"publish","type":"product","link":"https:\/\/melnibone.at\/shop\/index.php\/produkt\/marvels-spider-man-prerelease-pack-de\/","title":{"rendered":"Marvel&#8217;s Spider-Man &#8211; Prerelease Pack (DE)"},"content":{"rendered":"<p>Marvel&#8217;s Spider-Man &#8211; Prerelease Pack (DE)<\/p>\n<p>Inhalt:<\/p>\n<p>6 Magic: The Gathering | Marvel&#8217;s Spider-Man Play-Booster<br \/>\n1 seltene oder sagenhaft seltene traditionelle Foilkarte mit Datumsstempel<\/p>\n<p>1 Deckbox<br \/>\n1 Spindown-Lebenspunktez\u00e4hler (in einer von insgesamt f\u00fcnf Farbausf\u00fchrungen)<\/p>\n<p>&nbsp;<\/p>\n<p>&#8212;<\/p>\n<p>Jeder Artikel der Kategorie &#8222;Livebreak&#8220; wird im Stream von MelniboneMtG auf Twitch ge\u00f6ffnet. Bitte gib daher bei deiner Bestellung unter &#8222;Anmerkungen zur Bestellung&#8220; deinen Nicknamen bzw. wie wir dich nennen d\u00fcrfen an.<\/p>\n<p>Wir nehmen dein Booster zuf\u00e4llig aus einem Display bzw. einer Collection.<\/p>\n<p>&nbsp;<\/p>\n","protected":false},"excerpt":{"rendered":"<p>Marvel&#8217;s Spider-Man &#8211; Prerelease Pack (DE) Inhalt: 6 Magic: The Gathering | Marvel&#8217;s Spider-Man Play-Booster 1 seltene oder sagenhaft seltene traditionelle Foilkarte mit Datumsstempel 1 Deckbox 1 Spindown-Lebenspunktez\u00e4hler (in einer von insgesamt f\u00fcnf Farbausf\u00fchrungen) &nbsp; &#8212; Jeder Artikel der Kategorie &#8222;Livebreak&#8220; wird im Stream von MelniboneMtG auf Twitch ge\u00f6ffnet. Bitte gib daher bei deiner Bestellung [&hellip;]<\/p>\n","protected":false},"featured_media":6841,"template":"","meta":[],"product_brand":[],"product_cat":[67,70,42],"product_tag":[],"class_list":{"0":"post-6840","1":"product","2":"type-product","3":"status-publish","4":"has-post-thumbnail","6":"product_cat-live-break-magic","7":"product_cat-live-break-neu","8":"product_cat-magic-the-gathering","10":"first","11":"instock","12":"taxable","13":"shipping-taxable","14":"purchasable","15":"product-type-simple"},"_links":{"self":[{"href":"https:\/\/melnibone.at\/shop\/index.php\/wp-json\/wp\/v2\/product\/6840","targetHints":{"allow":["GET"]}}],"collection":[{"href":"https:\/\/melnibone.at\/shop\/index.php\/wp-json\/wp\/v2\/product"}],"about":[{"href":"https:\/\/melnibone.at\/shop\/index.php\/wp-json\/wp\/v2\/types\/product"}],"wp:featuredmedia":[{"embeddable":true,"href":"https:\/\/melnibone.at\/shop\/index.php\/wp-json\/wp\/v2\/media\/6841"}],"wp:attachment":[{"href":"https:\/\/melnibone.at\/shop\/index.php\/wp-json\/wp\/v2\/media?parent=6840"}],"wp:term":[{"taxonomy":"product_brand","embeddable":true,"href":"https:\/\/melnibone.at\/shop\/index.php\/wp-json\/wp\/v2\/product_brand?post=6840"},{"taxonomy":"product_cat","embeddable":true,"href":"https:\/\/melnibone.at\/shop\/index.php\/wp-json\/wp\/v2\/product_cat?post=6840"},{"taxonomy":"product_tag","embeddable":true,"href":"https:\/\/melnibone.at\/shop\/index.php\/wp-json\/wp\/v2\/product_tag?post=6840"}],"curies":[{"name":"wp","href":"https:\/\/api.w.org\/{rel}","templated":true}]}}