{"id":6855,"date":"2025-09-24T12:16:04","date_gmt":"2025-09-24T10:16:04","guid":{"rendered":"https:\/\/melnibone.at\/shop\/?post_type=product&#038;p=6855"},"modified":"2025-09-24T12:30:18","modified_gmt":"2025-09-24T10:30:18","slug":"flesh-and-blood-super-slam-booster-box-en","status":"publish","type":"product","link":"https:\/\/melnibone.at\/shop\/index.php\/produkt\/flesh-and-blood-super-slam-booster-box-en\/","title":{"rendered":"Flesh and Blood &#8211; Super Slam Booster Box (EN)"},"content":{"rendered":"<p>&nbsp;<\/p>\n<p data-start=\"153\" data-end=\"207\"><strong data-start=\"153\" data-end=\"205\">Flesh and Blood: Super Slam Boosterdisplay (ENG)<\/strong><\/p>\n<p data-start=\"209\" data-end=\"255\"><strong data-start=\"209\" data-end=\"220\">Inhalt:<\/strong> 24 Booster mit jeweils 16 Karten<\/p>\n<p data-start=\"257\" data-end=\"384\">Sp\u00fcre den Jubel der Menge, wenn dein Name durch die Arena hallt \u2026 oder ernte gellende Buhrufe allein durch deine Anwesenheit!<\/p>\n<p data-start=\"386\" data-end=\"757\">In <em data-start=\"389\" data-end=\"401\">Super Slam<\/em> treffen W\u00e4chter und ihre Brut in der gnadenlosen Deathmatch-Arena aufeinander \u2013 ohne Waffen, nur mit roher Kraft und klarem Verstand. W\u00e4hrend die verehrten Helden den Respekt der Zuschauer verdienen, setzen die verfluchten Helden auf hinterlistige Tricks. Welche Seite du w\u00e4hlst, bestimmt, welche Show du ihnen bietest \u2013 und sie wird unvergesslich sein!<\/p>\n<p data-start=\"759\" data-end=\"1196\">Ein besonderes Highlight: Die beliebten <strong data-start=\"799\" data-end=\"814\">Super Rares<\/strong> feiern ihr Comeback in limitierter Auflage und sorgen f\u00fcr echte Glanzmomente. \u00dcber 40 verschiedene Signature-Smackdowns warten darauf, dein Deck zu verst\u00e4rken und das Publikum in Ekstase zu versetzen. Zudem erweitert das Set das Gameplay von <em data-start=\"1057\" data-end=\"1074\">Flesh and Blood<\/em> mit einem Helden, der \u00fcber 3 Intelligenz verf\u00fcgt \u2013 und erstmals \u00fcberhaupt einem Helden mit unglaublichen 5 Intelligenz!<\/p>\n<p data-start=\"1198\" data-end=\"1477\">Mit atemberaubenden <strong data-start=\"1218\" data-end=\"1229\">Marvels<\/strong>, seltenen <strong data-start=\"1240\" data-end=\"1254\">Cold Foils<\/strong> und dem gr\u00f6\u00dften Erweiterungsslot aller Zeiten (inklusive essenzieller Reprints hei\u00df begehrter Karten) bietet <em data-start=\"1364\" data-end=\"1376\">Super Slam<\/em> wirklich etwas f\u00fcr jeden Fan. Also: Halte dich nicht zur\u00fcck \u2013 es ist Zeit, in den Ring zu steigen!<\/p>\n","protected":false},"excerpt":{"rendered":"<p>&nbsp; Flesh and Blood: Super Slam Boosterdisplay (ENG) Inhalt: 24 Booster mit jeweils 16 Karten Sp\u00fcre den Jubel der Menge, wenn dein Name durch die Arena hallt \u2026 oder ernte gellende Buhrufe allein durch deine Anwesenheit! In Super Slam treffen W\u00e4chter und ihre Brut in der gnadenlosen Deathmatch-Arena aufeinander \u2013 ohne Waffen, nur mit roher [&hellip;]<\/p>\n","protected":false},"featured_media":6856,"template":"","meta":[],"product_brand":[],"product_cat":[46,69],"product_tag":[],"class_list":{"0":"post-6855","1":"product","2":"type-product","3":"status-publish","4":"has-post-thumbnail","6":"product_cat-flesh-and-blood","7":"product_cat-live-break-other","9":"first","10":"instock","11":"taxable","12":"shipping-taxable","13":"purchasable","14":"product-type-simple"},"_links":{"self":[{"href":"https:\/\/melnibone.at\/shop\/index.php\/wp-json\/wp\/v2\/product\/6855","targetHints":{"allow":["GET"]}}],"collection":[{"href":"https:\/\/melnibone.at\/shop\/index.php\/wp-json\/wp\/v2\/product"}],"about":[{"href":"https:\/\/melnibone.at\/shop\/index.php\/wp-json\/wp\/v2\/types\/product"}],"wp:featuredmedia":[{"embeddable":true,"href":"https:\/\/melnibone.at\/shop\/index.php\/wp-json\/wp\/v2\/media\/6856"}],"wp:attachment":[{"href":"https:\/\/melnibone.at\/shop\/index.php\/wp-json\/wp\/v2\/media?parent=6855"}],"wp:term":[{"taxonomy":"product_brand","embeddable":true,"href":"https:\/\/melnibone.at\/shop\/index.php\/wp-json\/wp\/v2\/product_brand?post=6855"},{"taxonomy":"product_cat","embeddable":true,"href":"https:\/\/melnibone.at\/shop\/index.php\/wp-json\/wp\/v2\/product_cat?post=6855"},{"taxonomy":"product_tag","embeddable":true,"href":"https:\/\/melnibone.at\/shop\/index.php\/wp-json\/wp\/v2\/product_tag?post=6855"}],"curies":[{"name":"wp","href":"https:\/\/api.w.org\/{rel}","templated":true}]}}