{"id":6859,"date":"2025-09-24T12:35:31","date_gmt":"2025-09-24T10:35:31","guid":{"rendered":"https:\/\/melnibone.at\/shop\/?post_type=product&#038;p=6859"},"modified":"2026-02-26T21:58:07","modified_gmt":"2026-02-26T20:58:07","slug":"bluthelden-origin-booster-booster-en","status":"publish","type":"product","link":"https:\/\/melnibone.at\/shop\/index.php\/produkt\/bluthelden-origin-booster-booster-en\/","title":{"rendered":"Bluthelden Origin Booster Booster (EN)"},"content":{"rendered":"<p>&nbsp;<\/p>\n<h1 class=\"mainH1\">Bluthelden Origin Booster Booster (EN)<\/h1>\n<p data-start=\"1198\" data-end=\"1477\">Inhalt: 33 Booster in englischer Sprache<br \/>\n1 Display enth\u00e4lt 33 Booster davon sind 30 Draft-Booster mit je 15 Karten und 3 Play-Booster mit 18 Karten.<\/p>\n<p>Origin ist die erste Edition des TTCG (Tactical Trading Card Game) Bluthelden.<br \/>\nDie Edition beinhaltet 250 verschiedene Karten. Enthalten sind die ersten 4 Herrscher\/Farben von insgesamt 8. Origin h\u00e4lt nicht nur f\u00fcr Spieler Taktik und Strategie bereit, sondern auch viel Spannung f\u00fcr Sammler.<\/p>\n<p>Die erste Edition beinhaltet 1000 einzigartige Karten. Nummerriert 1\/1 und 75 Karten mit jeweils 10 unterschiedlichen Details im Design. Jede von Ihnen ist weltweit ein Unikat!<\/p>\n","protected":false},"excerpt":{"rendered":"<p>&nbsp; Bluthelden Origin Booster Booster (EN) Inhalt: 33 Booster in englischer Sprache 1 Display enth\u00e4lt 33 Booster davon sind 30 Draft-Booster mit je 15 Karten und 3 Play-Booster mit 18 Karten. Origin ist die erste Edition des TTCG (Tactical Trading Card Game) Bluthelden. Die Edition beinhaltet 250 verschiedene Karten. Enthalten sind die ersten 4 Herrscher\/Farben [&hellip;]<\/p>\n","protected":false},"featured_media":6858,"template":"","meta":[],"product_brand":[],"product_cat":[124,69],"product_tag":[],"class_list":{"0":"post-6859","1":"product","2":"type-product","3":"status-publish","4":"has-post-thumbnail","6":"product_cat-bluthelden","7":"product_cat-live-break-other","9":"first","10":"instock","11":"taxable","12":"shipping-taxable","13":"purchasable","14":"product-type-simple"},"_links":{"self":[{"href":"https:\/\/melnibone.at\/shop\/index.php\/wp-json\/wp\/v2\/product\/6859","targetHints":{"allow":["GET"]}}],"collection":[{"href":"https:\/\/melnibone.at\/shop\/index.php\/wp-json\/wp\/v2\/product"}],"about":[{"href":"https:\/\/melnibone.at\/shop\/index.php\/wp-json\/wp\/v2\/types\/product"}],"wp:featuredmedia":[{"embeddable":true,"href":"https:\/\/melnibone.at\/shop\/index.php\/wp-json\/wp\/v2\/media\/6858"}],"wp:attachment":[{"href":"https:\/\/melnibone.at\/shop\/index.php\/wp-json\/wp\/v2\/media?parent=6859"}],"wp:term":[{"taxonomy":"product_brand","embeddable":true,"href":"https:\/\/melnibone.at\/shop\/index.php\/wp-json\/wp\/v2\/product_brand?post=6859"},{"taxonomy":"product_cat","embeddable":true,"href":"https:\/\/melnibone.at\/shop\/index.php\/wp-json\/wp\/v2\/product_cat?post=6859"},{"taxonomy":"product_tag","embeddable":true,"href":"https:\/\/melnibone.at\/shop\/index.php\/wp-json\/wp\/v2\/product_tag?post=6859"}],"curies":[{"name":"wp","href":"https:\/\/api.w.org\/{rel}","templated":true}]}}