{"id":7006,"date":"2025-11-12T15:31:13","date_gmt":"2025-11-12T14:31:13","guid":{"rendered":"https:\/\/melnibone.at\/shop\/?post_type=product&#038;p=7006"},"modified":"2026-04-09T15:29:04","modified_gmt":"2026-04-09T13:29:04","slug":"disney-lorcana-gefluester-aus-der-tiefe-deck-de","status":"publish","type":"product","link":"https:\/\/melnibone.at\/shop\/index.php\/produkt\/disney-lorcana-gefluester-aus-der-tiefe-deck-de\/","title":{"rendered":"Disney Lorcana: Gefl\u00fcster aus der Tiefe Deck (DE)"},"content":{"rendered":"<div class=\"row\">\n<div class=\"col-12\">\n<h1>Disney Lorcana: Gefl\u00fcster aus der Tiefe Deck (DE)<\/h1>\n<\/div>\n<\/div>\n<p>1 Deck (wird zuf\u00e4llig gew\u00e4hlt &#8211; schreibe uns in der Notiz welches du bevorzugen w\u00fcrdest)<\/p>\n<p>Sprache: Deutsch<\/p>\n<p>&#8212;<\/p>\n<p>Jeder Artikel der Kategorie &#8222;Livebreak&#8220; wird im Stream von MelniboneMtG auf Twitch ge\u00f6ffnet. Bitte gib daher bei deiner Bestellung unter &#8222;Anmerkungen zur Bestellung&#8220; deinen Nicknamen bzw. wie wir dich nennen d\u00fcrfen an.<\/p>\n<p>Wir nehmen dein Booster zuf\u00e4llig aus einem Display bzw. einer Collection.<\/p>\n","protected":false},"excerpt":{"rendered":"<p>Disney Lorcana: Gefl\u00fcster aus der Tiefe Deck (DE) 1 Deck (wird zuf\u00e4llig gew\u00e4hlt &#8211; schreibe uns in der Notiz welches du bevorzugen w\u00fcrdest) Sprache: Deutsch &#8212; Jeder Artikel der Kategorie &#8222;Livebreak&#8220; wird im Stream von MelniboneMtG auf Twitch ge\u00f6ffnet. Bitte gib daher bei deiner Bestellung unter &#8222;Anmerkungen zur Bestellung&#8220; deinen Nicknamen bzw. wie wir dich [&hellip;]<\/p>\n","protected":false},"featured_media":7007,"template":"","meta":[],"product_brand":[],"product_cat":[69,122,51],"product_tag":[],"class_list":{"0":"post-7006","1":"product","2":"type-product","3":"status-publish","4":"has-post-thumbnail","6":"product_cat-live-break-other","7":"product_cat-lorcana","8":"product_cat-other-tcgs","10":"first","11":"instock","12":"taxable","13":"shipping-taxable","14":"purchasable","15":"product-type-simple"},"_links":{"self":[{"href":"https:\/\/melnibone.at\/shop\/index.php\/wp-json\/wp\/v2\/product\/7006","targetHints":{"allow":["GET"]}}],"collection":[{"href":"https:\/\/melnibone.at\/shop\/index.php\/wp-json\/wp\/v2\/product"}],"about":[{"href":"https:\/\/melnibone.at\/shop\/index.php\/wp-json\/wp\/v2\/types\/product"}],"wp:featuredmedia":[{"embeddable":true,"href":"https:\/\/melnibone.at\/shop\/index.php\/wp-json\/wp\/v2\/media\/7007"}],"wp:attachment":[{"href":"https:\/\/melnibone.at\/shop\/index.php\/wp-json\/wp\/v2\/media?parent=7006"}],"wp:term":[{"taxonomy":"product_brand","embeddable":true,"href":"https:\/\/melnibone.at\/shop\/index.php\/wp-json\/wp\/v2\/product_brand?post=7006"},{"taxonomy":"product_cat","embeddable":true,"href":"https:\/\/melnibone.at\/shop\/index.php\/wp-json\/wp\/v2\/product_cat?post=7006"},{"taxonomy":"product_tag","embeddable":true,"href":"https:\/\/melnibone.at\/shop\/index.php\/wp-json\/wp\/v2\/product_tag?post=7006"}],"curies":[{"name":"wp","href":"https:\/\/api.w.org\/{rel}","templated":true}]}}