{"id":7165,"date":"2026-01-14T11:35:51","date_gmt":"2026-01-14T10:35:51","guid":{"rendered":"https:\/\/melnibone.at\/shop\/?post_type=product&#038;p=7165"},"modified":"2026-03-26T18:47:38","modified_gmt":"2026-03-26T17:47:38","slug":"mtg-lorwyn-eclipsed-play-booster-en","status":"publish","type":"product","link":"https:\/\/melnibone.at\/shop\/index.php\/produkt\/mtg-lorwyn-eclipsed-play-booster-en\/","title":{"rendered":"MtG &#8211; Lorwyn Eclipsed Play Booster (EN)"},"content":{"rendered":"<p><strong>MtG &#8211; Lorwyn Eclipsed Play Booster (EN)<\/strong><\/p>\n<p>Betritt die verzauberte Welt von Lorwyn und Schattenmoor, wo Licht und Dunkelheit unaufh\u00f6rlich miteinander ringen. Beschw\u00f6re legend\u00e4re V\u00f6lker wie Kithkin, Boggarts, Merrow und Elfen und entdecke neue wie vertraute Mechaniken, zum Leben erweckt durch atemberaubende Illustrationen bekannter und neuer K\u00fcnstler*innen. Wage den Schritt \u00fcber die Grenze zwischen ewigem Tag und endloser Nacht und finde deine wahre Macht im Spiel aus Chaos und Ordnung.<\/p>\n<p data-start=\"566\" data-end=\"728\">Play-Booster sind perfekt auf das Spielen ausgelegt und eignen sich besonders f\u00fcr Limited-Formate wie Draft oder Sealed. Ob spannende Spielrunden mit Freunden, spontaner Booster-Spa\u00df oder gezieltes Erweitern der eigenen Sammlung \u2013 diese Booster bieten f\u00fcr jeden Spielstil das passende Erlebnis.<\/p>\n<p>&#8212;<\/p>\n<p>Jeder Artikel der Kategorie &#8222;Livebreak&#8220; wird im Stream von MelniboneMtG auf Twitch ge\u00f6ffnet. Bitte gib daher bei deiner Bestellung unter &#8222;Anmerkungen zur Bestellung&#8220; deinen Nicknamen bzw. wie wir dich nennen d\u00fcrfen an.<\/p>\n<p>Wir nehmen dein Booster zuf\u00e4llig aus einem Display bzw. einer Collection.<\/p>\n<p>&nbsp;<\/p>\n<p data-start=\"1498\" data-end=\"1533\">\ud83d\udd27 <strong data-start=\"1501\" data-end=\"1531\">Hersteller &amp; Produktinfos:<\/strong><\/p>\n<ul data-start=\"1534\" data-end=\"1935\">\n<li data-start=\"1534\" data-end=\"1694\">\n<p data-start=\"1536\" data-end=\"1694\">Wizards of the Coast LLC (USA) \u2013 der offizielle Entwickler und Herausgeber von <em data-start=\"1631\" data-end=\"1653\">Magic: The Gathering<\/em>.<\/p>\n<\/li>\n<li data-start=\"1534\" data-end=\"1694\">\u00a0Hasbro SA, Rue Emile Bo\u00e9chat 31, 2800 Delemont, Schweiz<br \/>\n<b>Repr\u00e4sentation in der EU:<\/b>\u00a0Hasbro HIH BV, De Entree 240, 1101 EE Amsterdam, Niederlande<br \/>\n<b>Kontakt:<\/b>\u00a0<a href=\"mailto:euproductcompliance@hasbro.com\" target=\"_blank\" rel=\"noopener\" data-cmp-ab=\"2\" aria-describedby=\"a11y-new-window-message\">euproductcompliance@hasbro.com<\/a><\/li>\n<\/ul>\n<p>&nbsp;<\/p>\n","protected":false},"excerpt":{"rendered":"<p>MtG &#8211; Lorwyn Eclipsed Play Booster (EN) Betritt die verzauberte Welt von Lorwyn und Schattenmoor, wo Licht und Dunkelheit unaufh\u00f6rlich miteinander ringen. Beschw\u00f6re legend\u00e4re V\u00f6lker wie Kithkin, Boggarts, Merrow und Elfen und entdecke neue wie vertraute Mechaniken, zum Leben erweckt durch atemberaubende Illustrationen bekannter und neuer K\u00fcnstler*innen. Wage den Schritt \u00fcber die Grenze zwischen ewigem [&hellip;]<\/p>\n","protected":false},"featured_media":7166,"template":"","meta":[],"product_brand":[],"product_cat":[67,70,42],"product_tag":[],"class_list":{"0":"post-7165","1":"product","2":"type-product","3":"status-publish","4":"has-post-thumbnail","6":"product_cat-live-break-magic","7":"product_cat-live-break-neu","8":"product_cat-magic-the-gathering","10":"first","11":"instock","12":"taxable","13":"shipping-taxable","14":"purchasable","15":"product-type-simple"},"_links":{"self":[{"href":"https:\/\/melnibone.at\/shop\/index.php\/wp-json\/wp\/v2\/product\/7165","targetHints":{"allow":["GET"]}}],"collection":[{"href":"https:\/\/melnibone.at\/shop\/index.php\/wp-json\/wp\/v2\/product"}],"about":[{"href":"https:\/\/melnibone.at\/shop\/index.php\/wp-json\/wp\/v2\/types\/product"}],"wp:featuredmedia":[{"embeddable":true,"href":"https:\/\/melnibone.at\/shop\/index.php\/wp-json\/wp\/v2\/media\/7166"}],"wp:attachment":[{"href":"https:\/\/melnibone.at\/shop\/index.php\/wp-json\/wp\/v2\/media?parent=7165"}],"wp:term":[{"taxonomy":"product_brand","embeddable":true,"href":"https:\/\/melnibone.at\/shop\/index.php\/wp-json\/wp\/v2\/product_brand?post=7165"},{"taxonomy":"product_cat","embeddable":true,"href":"https:\/\/melnibone.at\/shop\/index.php\/wp-json\/wp\/v2\/product_cat?post=7165"},{"taxonomy":"product_tag","embeddable":true,"href":"https:\/\/melnibone.at\/shop\/index.php\/wp-json\/wp\/v2\/product_tag?post=7165"}],"curies":[{"name":"wp","href":"https:\/\/api.w.org\/{rel}","templated":true}]}}