{"id":7265,"date":"2026-02-19T15:42:52","date_gmt":"2026-02-19T14:42:52","guid":{"rendered":"https:\/\/melnibone.at\/shop\/?post_type=product&#038;p=7265"},"modified":"2026-04-09T15:07:05","modified_gmt":"2026-04-09T13:07:05","slug":"mtg-teenage-mutant-ninja-turtles-play-booster-en","status":"publish","type":"product","link":"https:\/\/melnibone.at\/shop\/index.php\/produkt\/mtg-teenage-mutant-ninja-turtles-play-booster-en\/","title":{"rendered":"MtG &#8211; Teenage Mutant Ninja Turtles Play Booster (EN)"},"content":{"rendered":"<p>MtG &#8211; Teenage Mutant Ninja Turtles Play Booster (EN)<\/p>\n<p class=\"mtg-product__text\">Magic: The Gathering bekommt eine volle Ladung mutagenes Chaos, denn die Teenage Mutant Ninja Turtles st\u00fcrmen aufs Schlachtfeld! Sammle, baue und k\u00e4mpfe mit einem ikonischen Line-up aus Verb\u00fcndeten und Gegnern aus vier Jahrzehnten Turtle-Mania. \u00dcberrasche Shredders Schergen mit der brandneuen\u00a0<strong>sneak<\/strong>-Mechanik und verst\u00e4rke dein Team mit\u00a0<strong>Mutagen-Tokens<\/strong>, um wie die wahren Held:innen von New York triumphal zu gewinnen.<\/p>\n<p class=\"mtg-product__text\">Play Booster sind die ideale Art, Magic: The Gathering | Teenage Mutant Ninja Turtles im Spiel zu erleben\u2013perfekt f\u00fcr Limited-Events oder entspannte Runden mit Freund:innen. Jeder Booster unterst\u00fctzt spa\u00dfiges Deckbuilding und Gameplay, und jedes Pack enth\u00e4lt mindestens eine Foil-Karte zum Entdecken.<\/p>\n<p>&#8211;<\/p>\n<p>Jeder Artikel der Kategorie &#8222;Livebreak&#8220; wird im Stream von MelniboneMtG auf Twitch ge\u00f6ffnet. Bitte gib daher bei deiner Bestellung unter &#8222;Anmerkungen zur Bestellung&#8220; deinen Nicknamen bzw. wie wir dich nennen d\u00fcrfen an.<\/p>\n<p>Wir nehmen dein Booster zuf\u00e4llig aus einem Display bzw. einer Collection.<\/p>\n<p>&nbsp;<\/p>\n<p data-start=\"1498\" data-end=\"1533\">\ud83d\udd27 <strong data-start=\"1501\" data-end=\"1531\">Hersteller &amp; Produktinfos:<\/strong><\/p>\n<ul data-start=\"1534\" data-end=\"1935\">\n<li data-start=\"1534\" data-end=\"1694\">\n<p data-start=\"1536\" data-end=\"1694\">Wizards of the Coast LLC (USA) \u2013 der offizielle Entwickler und Herausgeber von <em data-start=\"1631\" data-end=\"1653\">Magic: The Gathering<\/em>.<\/p>\n<\/li>\n<li data-start=\"1534\" data-end=\"1694\">\u00a0Hasbro SA, Rue Emile Bo\u00e9chat 31, 2800 Delemont, Schweiz<br \/>\n<b>Repr\u00e4sentation in der EU:<\/b>\u00a0Hasbro HIH BV, De Entree 240, 1101 EE Amsterdam, Niederlande<br \/>\n<b>Kontakt:<\/b>\u00a0<a href=\"mailto:euproductcompliance@hasbro.com\" target=\"_blank\" rel=\"noopener\" data-cmp-ab=\"2\" aria-describedby=\"a11y-new-window-message\">euproductcompliance@hasbro.com<\/a><\/li>\n<\/ul>\n<p>&nbsp;<\/p>\n","protected":false},"excerpt":{"rendered":"<p>MtG &#8211; Teenage Mutant Ninja Turtles Play Booster (EN) Magic: The Gathering bekommt eine volle Ladung mutagenes Chaos, denn die Teenage Mutant Ninja Turtles st\u00fcrmen aufs Schlachtfeld! Sammle, baue und k\u00e4mpfe mit einem ikonischen Line-up aus Verb\u00fcndeten und Gegnern aus vier Jahrzehnten Turtle-Mania. \u00dcberrasche Shredders Schergen mit der brandneuen\u00a0sneak-Mechanik und verst\u00e4rke dein Team mit\u00a0Mutagen-Tokens, um [&hellip;]<\/p>\n","protected":false},"featured_media":7266,"template":"","meta":[],"product_brand":[],"product_cat":[67,70,42],"product_tag":[],"class_list":{"0":"post-7265","1":"product","2":"type-product","3":"status-publish","4":"has-post-thumbnail","6":"product_cat-live-break-magic","7":"product_cat-live-break-neu","8":"product_cat-magic-the-gathering","10":"first","11":"instock","12":"taxable","13":"shipping-taxable","14":"purchasable","15":"product-type-simple"},"_links":{"self":[{"href":"https:\/\/melnibone.at\/shop\/index.php\/wp-json\/wp\/v2\/product\/7265","targetHints":{"allow":["GET"]}}],"collection":[{"href":"https:\/\/melnibone.at\/shop\/index.php\/wp-json\/wp\/v2\/product"}],"about":[{"href":"https:\/\/melnibone.at\/shop\/index.php\/wp-json\/wp\/v2\/types\/product"}],"wp:featuredmedia":[{"embeddable":true,"href":"https:\/\/melnibone.at\/shop\/index.php\/wp-json\/wp\/v2\/media\/7266"}],"wp:attachment":[{"href":"https:\/\/melnibone.at\/shop\/index.php\/wp-json\/wp\/v2\/media?parent=7265"}],"wp:term":[{"taxonomy":"product_brand","embeddable":true,"href":"https:\/\/melnibone.at\/shop\/index.php\/wp-json\/wp\/v2\/product_brand?post=7265"},{"taxonomy":"product_cat","embeddable":true,"href":"https:\/\/melnibone.at\/shop\/index.php\/wp-json\/wp\/v2\/product_cat?post=7265"},{"taxonomy":"product_tag","embeddable":true,"href":"https:\/\/melnibone.at\/shop\/index.php\/wp-json\/wp\/v2\/product_tag?post=7265"}],"curies":[{"name":"wp","href":"https:\/\/api.w.org\/{rel}","templated":true}]}}