{"id":7270,"date":"2026-02-19T15:50:56","date_gmt":"2026-02-19T14:50:56","guid":{"rendered":"https:\/\/melnibone.at\/shop\/?post_type=product&#038;p=7270"},"modified":"2026-02-19T16:04:55","modified_gmt":"2026-02-19T15:04:55","slug":"flesh-and-blood-compendium-of-rathe-booster-display-en","status":"publish","type":"product","link":"https:\/\/melnibone.at\/shop\/index.php\/produkt\/flesh-and-blood-compendium-of-rathe-booster-display-en\/","title":{"rendered":"Flesh and Blood &#8211; Compendium Of Rathe Booster Display (EN)"},"content":{"rendered":"<p>&nbsp;<\/p>\n<p data-start=\"153\" data-end=\"207\"><strong>Flesh and Blood &#8211; Compendium Of Rathe Booster Display (EN)<\/strong><\/p>\n<p data-start=\"209\" data-end=\"255\"><strong data-start=\"209\" data-end=\"220\">Inhalt:<\/strong> 24 Booster mit jeweils 16 Karten<\/p>\n<p data-start=\"209\" data-end=\"255\">Compendium of Rathe ist ein hochwertiges supplementary Set, das darauf ausgelegt ist, Constructed zu erweitern. Mit Unterst\u00fctzung f\u00fcr jede Klasse und jeden Talenttyp, \u00fcber 80 neuen Ausr\u00fcstungen, Commons und Rares, die speziell f\u00fcr Silver Age entwickelt wurden, sowie einer gro\u00dfen Auswahl an Reprints der ikonischsten Karten des Spiels, findet wirklich jeder etwas, das in den Boostern auf ihn wartet.<\/p>\n","protected":false},"excerpt":{"rendered":"<p>&nbsp; Flesh and Blood &#8211; Compendium Of Rathe Booster Display (EN) Inhalt: 24 Booster mit jeweils 16 Karten Compendium of Rathe ist ein hochwertiges supplementary Set, das darauf ausgelegt ist, Constructed zu erweitern. Mit Unterst\u00fctzung f\u00fcr jede Klasse und jeden Talenttyp, \u00fcber 80 neuen Ausr\u00fcstungen, Commons und Rares, die speziell f\u00fcr Silver Age entwickelt wurden, [&hellip;]<\/p>\n","protected":false},"featured_media":7271,"template":"","meta":[],"product_brand":[],"product_cat":[46,69],"product_tag":[],"class_list":{"0":"post-7270","1":"product","2":"type-product","3":"status-publish","4":"has-post-thumbnail","6":"product_cat-flesh-and-blood","7":"product_cat-live-break-other","9":"first","10":"instock","11":"taxable","12":"shipping-taxable","13":"purchasable","14":"product-type-simple"},"_links":{"self":[{"href":"https:\/\/melnibone.at\/shop\/index.php\/wp-json\/wp\/v2\/product\/7270","targetHints":{"allow":["GET"]}}],"collection":[{"href":"https:\/\/melnibone.at\/shop\/index.php\/wp-json\/wp\/v2\/product"}],"about":[{"href":"https:\/\/melnibone.at\/shop\/index.php\/wp-json\/wp\/v2\/types\/product"}],"wp:featuredmedia":[{"embeddable":true,"href":"https:\/\/melnibone.at\/shop\/index.php\/wp-json\/wp\/v2\/media\/7271"}],"wp:attachment":[{"href":"https:\/\/melnibone.at\/shop\/index.php\/wp-json\/wp\/v2\/media?parent=7270"}],"wp:term":[{"taxonomy":"product_brand","embeddable":true,"href":"https:\/\/melnibone.at\/shop\/index.php\/wp-json\/wp\/v2\/product_brand?post=7270"},{"taxonomy":"product_cat","embeddable":true,"href":"https:\/\/melnibone.at\/shop\/index.php\/wp-json\/wp\/v2\/product_cat?post=7270"},{"taxonomy":"product_tag","embeddable":true,"href":"https:\/\/melnibone.at\/shop\/index.php\/wp-json\/wp\/v2\/product_tag?post=7270"}],"curies":[{"name":"wp","href":"https:\/\/api.w.org\/{rel}","templated":true}]}}